{"id":6687,"date":"2021-01-25T05:16:17","date_gmt":"2021-01-25T05:16:17","guid":{"rendered":"https:\/\/www.xvfinance.fr\/?page_id=6687"},"modified":"2021-05-12T08:59:53","modified_gmt":"2021-05-12T08:59:53","slug":"who-we-are","status":"publish","type":"page","link":"https:\/\/www.xvfinance.fr\/en\/who-we-are\/","title":{"rendered":"Who we are ?"},"content":{"rendered":"<p>XV Finance is an independent investment bank established in 2007 that advises its clients on M&amp;A transactions, capital markets (both private equity and public listing), corporate finance and customized financial engineering and insurance solutions. Its partners and associates come from different training and professional backgrounds, their focus is to serve the clients and enable them to achieve their objectives.<\/p>\n<p>&nbsp;<\/p>\n<p>XV Finance acts at all times with <strong>Ambition<\/strong>, <strong>Imagination<\/strong> and <strong>Integrity<\/strong>, in an un-conflicted manner and in the exclusive interest of its clients.<\/p>\n<p>&nbsp;<\/p>\n<p>Our methodology takes into account the strategic, legal and financial aspects of the transactions in which we are involved.<\/p>\n<p>&nbsp;<\/p>\n<p><img loading=\"lazy\" class=\"size-full wp-image-7458 aligncenter\" src=\"https:\/\/www.xvfinance.fr\/app\/uploads\/2021\/05\/Screenshot_2.png\" alt=\"\" width=\"724\" height=\"510\" srcset=\"https:\/\/www.xvfinance.fr\/app\/uploads\/2021\/05\/Screenshot_2.png 724w, https:\/\/www.xvfinance.fr\/app\/uploads\/2021\/05\/Screenshot_2-300x211.png 300w\" sizes=\"(max-width: 724px) 100vw, 724px\" \/><\/p>\n","protected":false},"excerpt":{"rendered":"<p>XV Finance is an independent investment bank established in 2007 that advises its clients on M&amp;A transactions, capital markets (both private equity and public listing), corporate finance and customized financial engineering and insurance solutions. Its partners and associates come from different training and professional backgrounds, their focus is to serve the clients and enable them [&hellip;]<\/p>\n","protected":false},"author":1,"featured_media":0,"parent":0,"menu_order":0,"comment_status":"closed","ping_status":"closed","template":"page-templates\/custom-page-default.php","meta":[],"yoast_head":"<!-- This site is optimized with the Yoast SEO plugin v19.0 - https:\/\/yoast.com\/wordpress\/plugins\/seo\/ -->\n<title>Who we are ? - Xv-finance<\/title>\n<meta name=\"description\" content=\"Who we are ?\" \/>\n<meta name=\"robots\" content=\"index, follow, max-snippet:-1, max-image-preview:large, max-video-preview:-1\" \/>\n<link rel=\"canonical\" href=\"https:\/\/www.xvfinance.fr\/en\/who-we-are\/\" \/>\n<meta property=\"og:locale\" content=\"en_US\" \/>\n<meta property=\"og:type\" content=\"article\" \/>\n<meta property=\"og:title\" content=\"Who we are ? - Xv-finance\" \/>\n<meta property=\"og:description\" content=\"Who we are ?\" \/>\n<meta property=\"og:url\" content=\"https:\/\/www.xvfinance.fr\/en\/who-we-are\/\" \/>\n<meta property=\"og:site_name\" content=\"Xv-finance\" \/>\n<meta property=\"article:modified_time\" content=\"2021-05-12T08:59:53+00:00\" \/>\n<meta property=\"og:image\" content=\"https:\/\/www.xvfinance.fr\/app\/uploads\/2021\/05\/Screenshot_2.png\" \/>\n<meta name=\"twitter:card\" content=\"summary_large_image\" \/>\n<meta name=\"twitter:label1\" content=\"Est. reading time\" \/>\n\t<meta name=\"twitter:data1\" content=\"1 minute\" \/>\n<script type=\"application\/ld+json\" class=\"yoast-schema-graph\">{\"@context\":\"https:\/\/schema.org\",\"@graph\":[{\"@type\":\"WebSite\",\"@id\":\"https:\/\/www.xvfinance.fr\/#website\",\"url\":\"https:\/\/www.xvfinance.fr\/\",\"name\":\"Xv-finance\",\"description\":\"XV Finance est une soci\u00e9t\u00e9 de conseil ind\u00e9pendante\",\"potentialAction\":[{\"@type\":\"SearchAction\",\"target\":{\"@type\":\"EntryPoint\",\"urlTemplate\":\"https:\/\/www.xvfinance.fr\/?s={search_term_string}\"},\"query-input\":\"required name=search_term_string\"}],\"inLanguage\":\"en-US\"},{\"@type\":\"ImageObject\",\"inLanguage\":\"en-US\",\"@id\":\"https:\/\/www.xvfinance.fr\/en\/who-we-are\/#primaryimage\",\"url\":\"https:\/\/www.xvfinance.fr\/app\/uploads\/2021\/05\/Screenshot_2.png\",\"contentUrl\":\"https:\/\/www.xvfinance.fr\/app\/uploads\/2021\/05\/Screenshot_2.png\",\"width\":724,\"height\":510},{\"@type\":\"WebPage\",\"@id\":\"https:\/\/www.xvfinance.fr\/en\/who-we-are\/#webpage\",\"url\":\"https:\/\/www.xvfinance.fr\/en\/who-we-are\/\",\"name\":\"Who we are ? - Xv-finance\",\"isPartOf\":{\"@id\":\"https:\/\/www.xvfinance.fr\/#website\"},\"primaryImageOfPage\":{\"@id\":\"https:\/\/www.xvfinance.fr\/en\/who-we-are\/#primaryimage\"},\"datePublished\":\"2021-01-25T05:16:17+00:00\",\"dateModified\":\"2021-05-12T08:59:53+00:00\",\"description\":\"Who we are ?\",\"breadcrumb\":{\"@id\":\"https:\/\/www.xvfinance.fr\/en\/who-we-are\/#breadcrumb\"},\"inLanguage\":\"en-US\",\"potentialAction\":[{\"@type\":\"ReadAction\",\"target\":[\"https:\/\/www.xvfinance.fr\/en\/who-we-are\/\"]}]},{\"@type\":\"BreadcrumbList\",\"@id\":\"https:\/\/www.xvfinance.fr\/en\/who-we-are\/#breadcrumb\",\"itemListElement\":[{\"@type\":\"ListItem\",\"position\":1,\"name\":\"Home\",\"item\":\"https:\/\/www.xvfinance.fr\/en\/home\/\"},{\"@type\":\"ListItem\",\"position\":2,\"name\":\"Who we are ?\"}]}]}<\/script>\n<!-- \/ Yoast SEO plugin. -->","yoast_head_json":{"title":"Who we are ? - Xv-finance","description":"Who we are ?","robots":{"index":"index","follow":"follow","max-snippet":"max-snippet:-1","max-image-preview":"max-image-preview:large","max-video-preview":"max-video-preview:-1"},"canonical":"https:\/\/www.xvfinance.fr\/en\/who-we-are\/","og_locale":"en_US","og_type":"article","og_title":"Who we are ? - Xv-finance","og_description":"Who we are ?","og_url":"https:\/\/www.xvfinance.fr\/en\/who-we-are\/","og_site_name":"Xv-finance","article_modified_time":"2021-05-12T08:59:53+00:00","og_image":[{"url":"https:\/\/www.xvfinance.fr\/app\/uploads\/2021\/05\/Screenshot_2.png"}],"twitter_card":"summary_large_image","twitter_misc":{"Est. reading time":"1 minute"},"schema":{"@context":"https:\/\/schema.org","@graph":[{"@type":"WebSite","@id":"https:\/\/www.xvfinance.fr\/#website","url":"https:\/\/www.xvfinance.fr\/","name":"Xv-finance","description":"XV Finance est une soci\u00e9t\u00e9 de conseil ind\u00e9pendante","potentialAction":[{"@type":"SearchAction","target":{"@type":"EntryPoint","urlTemplate":"https:\/\/www.xvfinance.fr\/?s={search_term_string}"},"query-input":"required name=search_term_string"}],"inLanguage":"en-US"},{"@type":"ImageObject","inLanguage":"en-US","@id":"https:\/\/www.xvfinance.fr\/en\/who-we-are\/#primaryimage","url":"https:\/\/www.xvfinance.fr\/app\/uploads\/2021\/05\/Screenshot_2.png","contentUrl":"https:\/\/www.xvfinance.fr\/app\/uploads\/2021\/05\/Screenshot_2.png","width":724,"height":510},{"@type":"WebPage","@id":"https:\/\/www.xvfinance.fr\/en\/who-we-are\/#webpage","url":"https:\/\/www.xvfinance.fr\/en\/who-we-are\/","name":"Who we are ? - Xv-finance","isPartOf":{"@id":"https:\/\/www.xvfinance.fr\/#website"},"primaryImageOfPage":{"@id":"https:\/\/www.xvfinance.fr\/en\/who-we-are\/#primaryimage"},"datePublished":"2021-01-25T05:16:17+00:00","dateModified":"2021-05-12T08:59:53+00:00","description":"Who we are ?","breadcrumb":{"@id":"https:\/\/www.xvfinance.fr\/en\/who-we-are\/#breadcrumb"},"inLanguage":"en-US","potentialAction":[{"@type":"ReadAction","target":["https:\/\/www.xvfinance.fr\/en\/who-we-are\/"]}]},{"@type":"BreadcrumbList","@id":"https:\/\/www.xvfinance.fr\/en\/who-we-are\/#breadcrumb","itemListElement":[{"@type":"ListItem","position":1,"name":"Home","item":"https:\/\/www.xvfinance.fr\/en\/home\/"},{"@type":"ListItem","position":2,"name":"Who we are ?"}]}]}},"_links":{"self":[{"href":"https:\/\/www.xvfinance.fr\/en\/wp-json\/wp\/v2\/pages\/6687"}],"collection":[{"href":"https:\/\/www.xvfinance.fr\/en\/wp-json\/wp\/v2\/pages"}],"about":[{"href":"https:\/\/www.xvfinance.fr\/en\/wp-json\/wp\/v2\/types\/page"}],"author":[{"embeddable":true,"href":"https:\/\/www.xvfinance.fr\/en\/wp-json\/wp\/v2\/users\/1"}],"replies":[{"embeddable":true,"href":"https:\/\/www.xvfinance.fr\/en\/wp-json\/wp\/v2\/comments?post=6687"}],"version-history":[{"count":11,"href":"https:\/\/www.xvfinance.fr\/en\/wp-json\/wp\/v2\/pages\/6687\/revisions"}],"predecessor-version":[{"id":7346,"href":"https:\/\/www.xvfinance.fr\/en\/wp-json\/wp\/v2\/pages\/6687\/revisions\/7346"}],"wp:attachment":[{"href":"https:\/\/www.xvfinance.fr\/en\/wp-json\/wp\/v2\/media?parent=6687"}],"curies":[{"name":"wp","href":"https:\/\/api.w.org\/{rel}","templated":true}]}}