{"id":7290,"date":"2021-03-25T08:58:29","date_gmt":"2021-03-25T08:58:29","guid":{"rendered":"https:\/\/www.xvfinance.fr\/?page_id=7290"},"modified":"2021-05-18T05:26:10","modified_gmt":"2021-05-18T05:26:10","slug":"presentation-of-xv-courtage","status":"publish","type":"page","link":"https:\/\/www.xvfinance.fr\/en\/presentation-of-xv-courtage\/","title":{"rendered":"Presentation of XV Courtage"},"content":{"rendered":"<h3><strong>Skills:<\/strong><\/h3>\n<ul>\n<li>XV Courtage offers optimized insurance solutions to businesses with specialists in the fields covered.<\/li>\n<li>XV Brokerage, experts in P&amp;C, collective, social protection and retirement insurance, has the technical skills to set up insurance contracts adapted to the company and its managers while fully understanding their challenges, whatever their size. (TPE, SME, SMI, large companies).<\/li>\n<li>XV Courtage is also able to analyze and implement specific Remuneration Strategies (Executives \/ Employees).<\/li>\n<\/ul>\n<h3>Areas of intervention :<\/h3>\n<ul>\n<li>IARD.<\/li>\n<li>Mutual &amp; Provident.<\/li>\n<li>Employee savings.<\/li>\n<li>Additional retirement.<\/li>\n<li>Global Compensation.<\/li>\n<\/ul>\n<h3>Proposed services :<\/h3>\n<ul>\n<li>Studies and analyzes of contracts in place.<\/li>\n<li>Diagnostics and risk mapping.<\/li>\n<li>Proposal of insurance solutions.<\/li>\n<li>Pricing quotes.<\/li>\n<li>Support of teams for the implementation of the proposed solutions.<\/li>\n<li>Monitoring of contracts with businesses and insurance companies.<\/li>\n<\/ul>\n","protected":false},"excerpt":{"rendered":"<p>Skills: XV Courtage offers optimized insurance solutions to businesses with specialists in the fields covered. XV Brokerage, experts in P&amp;C, collective, social protection and retirement insurance, has the technical skills to set up insurance contracts adapted to the company and its managers while fully understanding their challenges, whatever their size. (TPE, SME, SMI, large companies). [&hellip;]<\/p>\n","protected":false},"author":1,"featured_media":0,"parent":0,"menu_order":0,"comment_status":"closed","ping_status":"closed","template":"page-templates\/custom-page-default.php","meta":[],"yoast_head":"<!-- This site is optimized with the Yoast SEO plugin v19.0 - https:\/\/yoast.com\/wordpress\/plugins\/seo\/ -->\n<title>Presentation of XV Courtage - Xv-finance<\/title>\n<meta name=\"description\" content=\"Presentation of XV Courtage\" \/>\n<meta name=\"robots\" content=\"index, follow, max-snippet:-1, max-image-preview:large, max-video-preview:-1\" \/>\n<link rel=\"canonical\" href=\"https:\/\/www.xvfinance.fr\/en\/presentation-of-xv-courtage\/\" \/>\n<meta property=\"og:locale\" content=\"en_US\" \/>\n<meta property=\"og:type\" content=\"article\" \/>\n<meta property=\"og:title\" content=\"Presentation of XV Courtage - Xv-finance\" \/>\n<meta property=\"og:description\" content=\"Presentation of XV Courtage\" \/>\n<meta property=\"og:url\" content=\"https:\/\/www.xvfinance.fr\/en\/presentation-of-xv-courtage\/\" \/>\n<meta property=\"og:site_name\" content=\"Xv-finance\" \/>\n<meta property=\"article:modified_time\" content=\"2021-05-18T05:26:10+00:00\" \/>\n<meta name=\"twitter:card\" content=\"summary_large_image\" \/>\n<meta name=\"twitter:label1\" content=\"Est. reading time\" \/>\n\t<meta name=\"twitter:data1\" content=\"1 minute\" \/>\n<script type=\"application\/ld+json\" class=\"yoast-schema-graph\">{\"@context\":\"https:\/\/schema.org\",\"@graph\":[{\"@type\":\"WebSite\",\"@id\":\"https:\/\/www.xvfinance.fr\/#website\",\"url\":\"https:\/\/www.xvfinance.fr\/\",\"name\":\"Xv-finance\",\"description\":\"XV Finance est une soci\u00e9t\u00e9 de conseil ind\u00e9pendante\",\"potentialAction\":[{\"@type\":\"SearchAction\",\"target\":{\"@type\":\"EntryPoint\",\"urlTemplate\":\"https:\/\/www.xvfinance.fr\/?s={search_term_string}\"},\"query-input\":\"required name=search_term_string\"}],\"inLanguage\":\"en-US\"},{\"@type\":\"WebPage\",\"@id\":\"https:\/\/www.xvfinance.fr\/en\/presentation-of-xv-courtage\/#webpage\",\"url\":\"https:\/\/www.xvfinance.fr\/en\/presentation-of-xv-courtage\/\",\"name\":\"Presentation of XV Courtage - Xv-finance\",\"isPartOf\":{\"@id\":\"https:\/\/www.xvfinance.fr\/#website\"},\"datePublished\":\"2021-03-25T08:58:29+00:00\",\"dateModified\":\"2021-05-18T05:26:10+00:00\",\"description\":\"Presentation of XV Courtage\",\"breadcrumb\":{\"@id\":\"https:\/\/www.xvfinance.fr\/en\/presentation-of-xv-courtage\/#breadcrumb\"},\"inLanguage\":\"en-US\",\"potentialAction\":[{\"@type\":\"ReadAction\",\"target\":[\"https:\/\/www.xvfinance.fr\/en\/presentation-of-xv-courtage\/\"]}]},{\"@type\":\"BreadcrumbList\",\"@id\":\"https:\/\/www.xvfinance.fr\/en\/presentation-of-xv-courtage\/#breadcrumb\",\"itemListElement\":[{\"@type\":\"ListItem\",\"position\":1,\"name\":\"Home\",\"item\":\"https:\/\/www.xvfinance.fr\/en\/home\/\"},{\"@type\":\"ListItem\",\"position\":2,\"name\":\"Presentation of XV Courtage\"}]}]}<\/script>\n<!-- \/ Yoast SEO plugin. -->","yoast_head_json":{"title":"Presentation of XV Courtage - Xv-finance","description":"Presentation of XV Courtage","robots":{"index":"index","follow":"follow","max-snippet":"max-snippet:-1","max-image-preview":"max-image-preview:large","max-video-preview":"max-video-preview:-1"},"canonical":"https:\/\/www.xvfinance.fr\/en\/presentation-of-xv-courtage\/","og_locale":"en_US","og_type":"article","og_title":"Presentation of XV Courtage - Xv-finance","og_description":"Presentation of XV Courtage","og_url":"https:\/\/www.xvfinance.fr\/en\/presentation-of-xv-courtage\/","og_site_name":"Xv-finance","article_modified_time":"2021-05-18T05:26:10+00:00","twitter_card":"summary_large_image","twitter_misc":{"Est. reading time":"1 minute"},"schema":{"@context":"https:\/\/schema.org","@graph":[{"@type":"WebSite","@id":"https:\/\/www.xvfinance.fr\/#website","url":"https:\/\/www.xvfinance.fr\/","name":"Xv-finance","description":"XV Finance est une soci\u00e9t\u00e9 de conseil ind\u00e9pendante","potentialAction":[{"@type":"SearchAction","target":{"@type":"EntryPoint","urlTemplate":"https:\/\/www.xvfinance.fr\/?s={search_term_string}"},"query-input":"required name=search_term_string"}],"inLanguage":"en-US"},{"@type":"WebPage","@id":"https:\/\/www.xvfinance.fr\/en\/presentation-of-xv-courtage\/#webpage","url":"https:\/\/www.xvfinance.fr\/en\/presentation-of-xv-courtage\/","name":"Presentation of XV Courtage - Xv-finance","isPartOf":{"@id":"https:\/\/www.xvfinance.fr\/#website"},"datePublished":"2021-03-25T08:58:29+00:00","dateModified":"2021-05-18T05:26:10+00:00","description":"Presentation of XV Courtage","breadcrumb":{"@id":"https:\/\/www.xvfinance.fr\/en\/presentation-of-xv-courtage\/#breadcrumb"},"inLanguage":"en-US","potentialAction":[{"@type":"ReadAction","target":["https:\/\/www.xvfinance.fr\/en\/presentation-of-xv-courtage\/"]}]},{"@type":"BreadcrumbList","@id":"https:\/\/www.xvfinance.fr\/en\/presentation-of-xv-courtage\/#breadcrumb","itemListElement":[{"@type":"ListItem","position":1,"name":"Home","item":"https:\/\/www.xvfinance.fr\/en\/home\/"},{"@type":"ListItem","position":2,"name":"Presentation of XV Courtage"}]}]}},"_links":{"self":[{"href":"https:\/\/www.xvfinance.fr\/en\/wp-json\/wp\/v2\/pages\/7290"}],"collection":[{"href":"https:\/\/www.xvfinance.fr\/en\/wp-json\/wp\/v2\/pages"}],"about":[{"href":"https:\/\/www.xvfinance.fr\/en\/wp-json\/wp\/v2\/types\/page"}],"author":[{"embeddable":true,"href":"https:\/\/www.xvfinance.fr\/en\/wp-json\/wp\/v2\/users\/1"}],"replies":[{"embeddable":true,"href":"https:\/\/www.xvfinance.fr\/en\/wp-json\/wp\/v2\/comments?post=7290"}],"version-history":[{"count":4,"href":"https:\/\/www.xvfinance.fr\/en\/wp-json\/wp\/v2\/pages\/7290\/revisions"}],"predecessor-version":[{"id":7497,"href":"https:\/\/www.xvfinance.fr\/en\/wp-json\/wp\/v2\/pages\/7290\/revisions\/7497"}],"wp:attachment":[{"href":"https:\/\/www.xvfinance.fr\/en\/wp-json\/wp\/v2\/media?parent=7290"}],"curies":[{"name":"wp","href":"https:\/\/api.w.org\/{rel}","templated":true}]}}