{"id":7318,"date":"2021-03-26T10:37:31","date_gmt":"2021-03-26T10:37:31","guid":{"rendered":"https:\/\/www.xvfinance.fr\/?page_id=7318"},"modified":"2021-06-04T07:43:00","modified_gmt":"2021-06-04T07:43:00","slug":"methodologie","status":"publish","type":"page","link":"https:\/\/www.xvfinance.fr\/en\/methodologie\/","title":{"rendered":"Methodology"},"content":{"rendered":"<p>XV Finance implements methodologies and know-how that large investment banks would only provide to big corporate accounts. Corporate finance requires competencies (in finance, law, negotiation, industry sector \u2026) but also know-how developed through operational experience. Success or failure sometimes rests upon details which only experienced professionals will pick-up.<\/p>\n<p>&nbsp;<\/p>\n<p>Capitalizing on the experience of its team, XV Finance designs and implements solutions customized for the operations that it is entrusted with.<\/p>\n","protected":false},"excerpt":{"rendered":"<p>XV Finance implements methodologies and know-how that large investment banks would only provide to big corporate accounts. Corporate finance requires competencies (in finance, law, negotiation, industry sector \u2026) but also know-how developed through operational experience. Success or failure sometimes rests upon details which only experienced professionals will pick-up. &nbsp; Capitalizing on the experience of its [&hellip;]<\/p>\n","protected":false},"author":1,"featured_media":0,"parent":0,"menu_order":0,"comment_status":"closed","ping_status":"closed","template":"page-templates\/custom-page-default.php","meta":[],"yoast_head":"<!-- This site is optimized with the Yoast SEO plugin v19.0 - https:\/\/yoast.com\/wordpress\/plugins\/seo\/ -->\n<title>Methodology - Xv-finance<\/title>\n<meta name=\"description\" content=\"Methodology\" \/>\n<meta name=\"robots\" content=\"index, follow, max-snippet:-1, max-image-preview:large, max-video-preview:-1\" \/>\n<link rel=\"canonical\" href=\"https:\/\/www.xvfinance.fr\/en\/methodologie\/\" \/>\n<meta property=\"og:locale\" content=\"en_US\" \/>\n<meta property=\"og:type\" content=\"article\" \/>\n<meta property=\"og:title\" content=\"Methodology - Xv-finance\" \/>\n<meta property=\"og:description\" content=\"Methodology\" \/>\n<meta property=\"og:url\" content=\"https:\/\/www.xvfinance.fr\/en\/methodologie\/\" \/>\n<meta property=\"og:site_name\" content=\"Xv-finance\" \/>\n<meta property=\"article:modified_time\" content=\"2021-06-04T07:43:00+00:00\" \/>\n<meta name=\"twitter:card\" content=\"summary_large_image\" \/>\n<script type=\"application\/ld+json\" class=\"yoast-schema-graph\">{\"@context\":\"https:\/\/schema.org\",\"@graph\":[{\"@type\":\"WebSite\",\"@id\":\"https:\/\/www.xvfinance.fr\/#website\",\"url\":\"https:\/\/www.xvfinance.fr\/\",\"name\":\"Xv-finance\",\"description\":\"XV Finance est une soci\u00e9t\u00e9 de conseil ind\u00e9pendante\",\"potentialAction\":[{\"@type\":\"SearchAction\",\"target\":{\"@type\":\"EntryPoint\",\"urlTemplate\":\"https:\/\/www.xvfinance.fr\/?s={search_term_string}\"},\"query-input\":\"required name=search_term_string\"}],\"inLanguage\":\"en-US\"},{\"@type\":\"WebPage\",\"@id\":\"https:\/\/www.xvfinance.fr\/en\/methodologie\/#webpage\",\"url\":\"https:\/\/www.xvfinance.fr\/en\/methodologie\/\",\"name\":\"Methodology - Xv-finance\",\"isPartOf\":{\"@id\":\"https:\/\/www.xvfinance.fr\/#website\"},\"datePublished\":\"2021-03-26T10:37:31+00:00\",\"dateModified\":\"2021-06-04T07:43:00+00:00\",\"description\":\"Methodology\",\"breadcrumb\":{\"@id\":\"https:\/\/www.xvfinance.fr\/en\/methodologie\/#breadcrumb\"},\"inLanguage\":\"en-US\",\"potentialAction\":[{\"@type\":\"ReadAction\",\"target\":[\"https:\/\/www.xvfinance.fr\/en\/methodologie\/\"]}]},{\"@type\":\"BreadcrumbList\",\"@id\":\"https:\/\/www.xvfinance.fr\/en\/methodologie\/#breadcrumb\",\"itemListElement\":[{\"@type\":\"ListItem\",\"position\":1,\"name\":\"Home\",\"item\":\"https:\/\/www.xvfinance.fr\/en\/home\/\"},{\"@type\":\"ListItem\",\"position\":2,\"name\":\"Methodology\"}]}]}<\/script>\n<!-- \/ Yoast SEO plugin. -->","yoast_head_json":{"title":"Methodology - Xv-finance","description":"Methodology","robots":{"index":"index","follow":"follow","max-snippet":"max-snippet:-1","max-image-preview":"max-image-preview:large","max-video-preview":"max-video-preview:-1"},"canonical":"https:\/\/www.xvfinance.fr\/en\/methodologie\/","og_locale":"en_US","og_type":"article","og_title":"Methodology - Xv-finance","og_description":"Methodology","og_url":"https:\/\/www.xvfinance.fr\/en\/methodologie\/","og_site_name":"Xv-finance","article_modified_time":"2021-06-04T07:43:00+00:00","twitter_card":"summary_large_image","schema":{"@context":"https:\/\/schema.org","@graph":[{"@type":"WebSite","@id":"https:\/\/www.xvfinance.fr\/#website","url":"https:\/\/www.xvfinance.fr\/","name":"Xv-finance","description":"XV Finance est une soci\u00e9t\u00e9 de conseil ind\u00e9pendante","potentialAction":[{"@type":"SearchAction","target":{"@type":"EntryPoint","urlTemplate":"https:\/\/www.xvfinance.fr\/?s={search_term_string}"},"query-input":"required name=search_term_string"}],"inLanguage":"en-US"},{"@type":"WebPage","@id":"https:\/\/www.xvfinance.fr\/en\/methodologie\/#webpage","url":"https:\/\/www.xvfinance.fr\/en\/methodologie\/","name":"Methodology - Xv-finance","isPartOf":{"@id":"https:\/\/www.xvfinance.fr\/#website"},"datePublished":"2021-03-26T10:37:31+00:00","dateModified":"2021-06-04T07:43:00+00:00","description":"Methodology","breadcrumb":{"@id":"https:\/\/www.xvfinance.fr\/en\/methodologie\/#breadcrumb"},"inLanguage":"en-US","potentialAction":[{"@type":"ReadAction","target":["https:\/\/www.xvfinance.fr\/en\/methodologie\/"]}]},{"@type":"BreadcrumbList","@id":"https:\/\/www.xvfinance.fr\/en\/methodologie\/#breadcrumb","itemListElement":[{"@type":"ListItem","position":1,"name":"Home","item":"https:\/\/www.xvfinance.fr\/en\/home\/"},{"@type":"ListItem","position":2,"name":"Methodology"}]}]}},"_links":{"self":[{"href":"https:\/\/www.xvfinance.fr\/en\/wp-json\/wp\/v2\/pages\/7318"}],"collection":[{"href":"https:\/\/www.xvfinance.fr\/en\/wp-json\/wp\/v2\/pages"}],"about":[{"href":"https:\/\/www.xvfinance.fr\/en\/wp-json\/wp\/v2\/types\/page"}],"author":[{"embeddable":true,"href":"https:\/\/www.xvfinance.fr\/en\/wp-json\/wp\/v2\/users\/1"}],"replies":[{"embeddable":true,"href":"https:\/\/www.xvfinance.fr\/en\/wp-json\/wp\/v2\/comments?post=7318"}],"version-history":[{"count":4,"href":"https:\/\/www.xvfinance.fr\/en\/wp-json\/wp\/v2\/pages\/7318\/revisions"}],"predecessor-version":[{"id":7512,"href":"https:\/\/www.xvfinance.fr\/en\/wp-json\/wp\/v2\/pages\/7318\/revisions\/7512"}],"wp:attachment":[{"href":"https:\/\/www.xvfinance.fr\/en\/wp-json\/wp\/v2\/media?parent=7318"}],"curies":[{"name":"wp","href":"https:\/\/api.w.org\/{rel}","templated":true}]}}